{"id":172,"date":"2015-01-14T15:14:42","date_gmt":"2015-01-14T14:14:42","guid":{"rendered":"https:\/\/ecole-privee-getigne.fr\/?page_id=172"},"modified":"2017-10-10T08:53:39","modified_gmt":"2017-10-10T07:53:39","slug":"coordonnees","status":"publish","type":"page","link":"https:\/\/ecole-privee-getigne.fr\/?page_id=172","title":{"rendered":"Coordonn\u00e9es"},"content":{"rendered":"<p style=\"text-align: left;\"><span style=\"color: #3366ff;\"><strong>ECOLE PRIV\u00c9E \u00a0NOTRE DAME DU SACRE C\u0152UR<\/strong><\/span><\/p>\n<p style=\"text-align: left;\"><span style=\"color: #3366ff;\"><strong>2 Place de l&rsquo;Aire Bidu &#8211; 44190 GETIGNE<\/strong><\/span><\/p>\n<p style=\"text-align: left;\"><span style=\"color: #3366ff;\"><strong>t\u00e9l : 02.40.54.03.40<\/strong><\/span><\/p>\n<p style=\"text-align: left;\"><span style=\"color: #3366ff;\"><strong>M\u00e9l : ecole.libre.getigne@wanadoo.fr<\/strong><\/span><\/p>\n<p style=\"text-align: left;\">\n<p style=\"text-align: left;\">\n<p>&nbsp;<\/p>\n","protected":false},"excerpt":{"rendered":"<p>ECOLE PRIV\u00c9E \u00a0NOTRE DAME DU SACRE C\u0152UR 2 Place de l&rsquo;Aire Bidu &#8211; 44190 GETIGNE t\u00e9l : 02.40.54.03.40 M\u00e9l : ecole.libre.getigne@wanadoo.fr &nbsp;<\/p>\n","protected":false},"author":6,"featured_media":0,"parent":0,"menu_order":0,"comment_status":"closed","ping_status":"closed","template":"","meta":{"ngg_post_thumbnail":0,"footnotes":""},"_links":{"self":[{"href":"https:\/\/ecole-privee-getigne.fr\/index.php?rest_route=\/wp\/v2\/pages\/172"}],"collection":[{"href":"https:\/\/ecole-privee-getigne.fr\/index.php?rest_route=\/wp\/v2\/pages"}],"about":[{"href":"https:\/\/ecole-privee-getigne.fr\/index.php?rest_route=\/wp\/v2\/types\/page"}],"author":[{"embeddable":true,"href":"https:\/\/ecole-privee-getigne.fr\/index.php?rest_route=\/wp\/v2\/users\/6"}],"replies":[{"embeddable":true,"href":"https:\/\/ecole-privee-getigne.fr\/index.php?rest_route=%2Fwp%2Fv2%2Fcomments&post=172"}],"version-history":[{"count":0,"href":"https:\/\/ecole-privee-getigne.fr\/index.php?rest_route=\/wp\/v2\/pages\/172\/revisions"}],"wp:attachment":[{"href":"https:\/\/ecole-privee-getigne.fr\/index.php?rest_route=%2Fwp%2Fv2%2Fmedia&parent=172"}],"curies":[{"name":"wp","href":"https:\/\/api.w.org\/{rel}","templated":true}]}}