{"id":178,"date":"2015-01-14T15:15:23","date_gmt":"2015-01-14T14:15:23","guid":{"rendered":"https:\/\/ecole-privee-getigne.fr\/?page_id=178"},"modified":"2026-01-05T22:22:28","modified_gmt":"2026-01-05T21:22:28","slug":"documents-administratifs","status":"publish","type":"page","link":"https:\/\/ecole-privee-getigne.fr\/?page_id=178","title":{"rendered":"Documents administratifs"},"content":{"rendered":"<p><a href=\"https:\/\/ecole-privee-getigne.fr\/wp-content\/uploads\/2026\/01\/Charte-du-Vivre-Ensemble-2025.pdf\">Charte du Vivre Ensemble 2025<\/a><br \/>\n<a href=\"https:\/\/ecole-privee-getigne.fr\/wp-content\/uploads\/2026\/01\/Fiche-de-renseignement-2025.pdf\">Fiche de renseignement 2025<\/a><br \/>\n<a href=\"https:\/\/ecole-privee-getigne.fr\/wp-content\/uploads\/2026\/01\/Catechese-ou-culture-chretienne-en-cycle-1-2-3-2025.pdf\">Cat\u00e9ch\u00e8se ou culture chr\u00e9tienne en cycle 1-2-3 2025<\/a><br \/>\n<a href=\"https:\/\/ecole-privee-getigne.fr\/wp-content\/uploads\/2026\/01\/REGLEMENT-INTERIEUR-2025.pdf\">R\u00c8GLEMENT INT\u00c9RIEUR 2025<\/a><a href=\"https:\/\/ecole-privee-getigne.fr\/wp-content\/uploads\/2026\/01\/Souscritpion-familles-2025-2026.pdf\"><br \/>\nSouscritpion familles 2025 2026<\/a><\/p>\n<div id=\"x_yui_3_16_0_1_1454355855320_12364\">\nVoici les listes des fournitures pour la rentr\u00e9e<\/p>\n<div>Classe de Mireille Teign\u00e9 PS-MS<a href=\"https:\/\/ecole-privee-getigne.fr\/wp-content\/uploads\/2026\/01\/fournitures-rentree-PS-11.pdf\">fournitures rentr\u00e9e PS (1)(1)<\/a><\/p>\n<div>Classe de Claire Buchet et Caroline Dufroux  MS-GS<\/p>\n<div>Classe de Manon Jaulin CP-CE1<\/p>\n<div>Classe de Corinne Gillot CE1-CE2<\/p>\n<div>Classe de Nadine Dugu\u00e9 CE2-CM1<\/p>\n<div>Classe de Chryst\u00e8le Poinson CM1-Cm2<a href=\"https:\/\/ecole-privee-getigne.fr\/wp-content\/uploads\/2022\/11\/Fournitures-Chrystele-Poinson-CM1-CM2.pdf\">: Fournitures Chryst\u00e8le Poinson CM1-CM2<\/a><\/div>\n","protected":false},"excerpt":{"rendered":"<p>Charte du Vivre Ensemble 2025 Fiche de renseignement 2025 Cat\u00e9ch\u00e8se ou culture chr\u00e9tienne en cycle 1-2-3 2025 R\u00c8GLEMENT INT\u00c9RIEUR 2025 Souscritpion familles 2025 2026 Voici les listes des fournitures pour la rentr\u00e9e Classe de Mireille Teign\u00e9 PS-MSfournitures rentr\u00e9e PS (1)(1) Classe de Claire Buchet et Caroline Dufroux MS-GS Classe de Manon Jaulin CP-CE1 Classe de<\/p>\n<p><a href=\"https:\/\/ecole-privee-getigne.fr\/?page_id=178\" class=\"more-link themebutton\">Lire la suite<\/a><\/p>\n","protected":false},"author":2,"featured_media":0,"parent":0,"menu_order":0,"comment_status":"closed","ping_status":"closed","template":"","meta":{"ngg_post_thumbnail":0,"footnotes":""},"_links":{"self":[{"href":"https:\/\/ecole-privee-getigne.fr\/index.php?rest_route=\/wp\/v2\/pages\/178"}],"collection":[{"href":"https:\/\/ecole-privee-getigne.fr\/index.php?rest_route=\/wp\/v2\/pages"}],"about":[{"href":"https:\/\/ecole-privee-getigne.fr\/index.php?rest_route=\/wp\/v2\/types\/page"}],"author":[{"embeddable":true,"href":"https:\/\/ecole-privee-getigne.fr\/index.php?rest_route=\/wp\/v2\/users\/2"}],"replies":[{"embeddable":true,"href":"https:\/\/ecole-privee-getigne.fr\/index.php?rest_route=%2Fwp%2Fv2%2Fcomments&post=178"}],"version-history":[{"count":12,"href":"https:\/\/ecole-privee-getigne.fr\/index.php?rest_route=\/wp\/v2\/pages\/178\/revisions"}],"predecessor-version":[{"id":3964,"href":"https:\/\/ecole-privee-getigne.fr\/index.php?rest_route=\/wp\/v2\/pages\/178\/revisions\/3964"}],"wp:attachment":[{"href":"https:\/\/ecole-privee-getigne.fr\/index.php?rest_route=%2Fwp%2Fv2%2Fmedia&parent=178"}],"curies":[{"name":"wp","href":"https:\/\/api.w.org\/{rel}","templated":true}]}}