{"id":265,"date":"2015-01-18T12:35:01","date_gmt":"2015-01-18T11:35:01","guid":{"rendered":"https:\/\/ecole-privee-getigne.fr\/?page_id=265"},"modified":"2022-11-01T18:18:47","modified_gmt":"2022-11-01T17:18:47","slug":"periscolaire","status":"publish","type":"page","link":"https:\/\/ecole-privee-getigne.fr\/?page_id=265","title":{"rendered":"P\u00e9riscolaire"},"content":{"rendered":"<p style=\"text-align: left;\"><span style=\"text-decoration: underline;\"><span style=\"color: #3366ff; text-decoration: underline;\">L&rsquo;ACCUEIL P\u00c9RISCOLAIRE&nbsp;<\/span><\/span><\/p>\n<p style=\"text-align: left;\">L&rsquo;Accueil&nbsp; P\u00e9riscolaire est un service de la mairie qui prend en charge les enfants le matin avant l&rsquo;\u00e9cole et le soir apr\u00e8s l&rsquo;\u00e9cole.<br \/>\nJours d&rsquo;ouverture :&nbsp;lundi, mardi, mercredi, jeudi et vendredi.<\/p>\n<p style=\"text-align: left;\">De nombreuses animations sont propos\u00e9es aux enfants&nbsp;: bricolage, jeux de soci\u00e9t\u00e9s, baby foot, coin lecture, d\u00eenette, marchande&#8230;<\/p>\n<p>Les enfants ont aussi le choix de faire leurs devoirs dans une salle pr\u00e9vue \u00e0 cet effet.<br \/>\nPlusieurs th\u00e8mes rythment l&rsquo;ann\u00e9e et les animations.<\/p>\n<p>Gr\u00e2ce \u00e0 son extension et sa r\u00e9novation, l&rsquo;accueil p\u00e9riscolaire est un lieu d&rsquo;accueil confortable, pour tous les \u00e2ges, gr\u00e2ce \u00e0 son <strong>espace \u00ab\u00a0Framboise\u00a0\u00bb d\u00e9di\u00e9 aux 3-5 ans <\/strong>et son <strong>espace \u00ab\u00a0Vert pomme\u00a0\u00bb pour les 6-11 ans.<\/strong><\/p>\n<p>Chaque enfant dispose d&rsquo;un badge, qu&rsquo;il devra passer \u00e0 chaque arriv\u00e9e et chaque d\u00e9part.&nbsp;En cas de modification du planning, il est imp\u00e9ratif de pr\u00e9venir l&rsquo;accueil p\u00e9riscolaire<strong> de l&rsquo;absence de votre enfant d\u00e8s que possible.<br \/>\n<\/strong><\/p>\n<p style=\"text-align: center;\">Accueil P\u00e9riscolaire &#8211; Les Petites Canailles<br \/>\nResponsable : Mathilde BODIN<br \/>\n3 rue des Changes<br \/>\n44190 G\u00e9tign\u00e9<br \/>\nTel&nbsp;: 02.40.54.24.45<\/p>\n<p style=\"text-align: left;\">T\u00e9l\u00e9chargez les documents sur le site de la mairie &nbsp;:<a href=\"http:\/\/www.getigne.fr\/vie-scolaire\/accueil-periscolaire\/\">&nbsp;www.<b>getigne<\/b>.fr<\/a><\/p>\n<p style=\"text-align: left;\">&nbsp;<\/p>\n","protected":false},"excerpt":{"rendered":"<p>L&rsquo;ACCUEIL P\u00c9RISCOLAIRE&nbsp; L&rsquo;Accueil&nbsp; P\u00e9riscolaire est un service de la mairie qui prend en charge les enfants le matin avant l&rsquo;\u00e9cole et le soir apr\u00e8s l&rsquo;\u00e9cole. Jours d&rsquo;ouverture :&nbsp;lundi, mardi, mercredi, jeudi et vendredi. De nombreuses animations sont propos\u00e9es aux enfants&nbsp;: bricolage, jeux de soci\u00e9t\u00e9s, baby foot, coin lecture, d\u00eenette, marchande&#8230; Les enfants ont aussi le<\/p>\n<p><a href=\"https:\/\/ecole-privee-getigne.fr\/?page_id=265\" class=\"more-link themebutton\">Lire la suite<\/a><\/p>\n","protected":false},"author":10,"featured_media":0,"parent":0,"menu_order":0,"comment_status":"closed","ping_status":"closed","template":"","meta":{"ngg_post_thumbnail":0,"footnotes":""},"_links":{"self":[{"href":"https:\/\/ecole-privee-getigne.fr\/index.php?rest_route=\/wp\/v2\/pages\/265"}],"collection":[{"href":"https:\/\/ecole-privee-getigne.fr\/index.php?rest_route=\/wp\/v2\/pages"}],"about":[{"href":"https:\/\/ecole-privee-getigne.fr\/index.php?rest_route=\/wp\/v2\/types\/page"}],"author":[{"embeddable":true,"href":"https:\/\/ecole-privee-getigne.fr\/index.php?rest_route=\/wp\/v2\/users\/10"}],"replies":[{"embeddable":true,"href":"https:\/\/ecole-privee-getigne.fr\/index.php?rest_route=%2Fwp%2Fv2%2Fcomments&post=265"}],"version-history":[{"count":2,"href":"https:\/\/ecole-privee-getigne.fr\/index.php?rest_route=\/wp\/v2\/pages\/265\/revisions"}],"predecessor-version":[{"id":2978,"href":"https:\/\/ecole-privee-getigne.fr\/index.php?rest_route=\/wp\/v2\/pages\/265\/revisions\/2978"}],"wp:attachment":[{"href":"https:\/\/ecole-privee-getigne.fr\/index.php?rest_route=%2Fwp%2Fv2%2Fmedia&parent=265"}],"curies":[{"name":"wp","href":"https:\/\/api.w.org\/{rel}","templated":true}]}}